{"id":4522,"date":"2020-07-05T22:21:16","date_gmt":"2020-07-05T20:21:16","guid":{"rendered":"https:\/\/www.arcanya.fr\/?page_id=4522"},"modified":"2020-08-04T16:01:44","modified_gmt":"2020-08-04T14:01:44","slug":"dossier-de-presse","status":"publish","type":"page","link":"https:\/\/www.arcanya.fr\/en\/dossier-de-presse\/","title":{"rendered":"[ DOSSIER DE PRESSE ]"},"content":{"rendered":"\n<h1 class=\"has-text-align-center wp-block-heading\"><strong>Arcanya, le Tarot des Mornes Plaines<\/strong><\/h1>\n\n\n\n<h2 class=\"has-text-align-center wp-block-heading\">[ <strong>VERSION COURTE ]<\/strong><\/h2>\n\n\n\n<div class=\"wp-block-image\"><figure class=\"aligncenter size-full is-resized\"><img loading=\"lazy\" decoding=\"async\" src=\"https:\/\/www.arcanya.fr\/wp-content\/uploads\/2020\/07\/PubPresent11Fr.jpg\" alt=\"\" class=\"wp-image-4533\" width=\"960\" height=\"540\" srcset=\"https:\/\/www.arcanya.fr\/wp-content\/uploads\/2020\/07\/PubPresent11Fr.jpg 1280w, https:\/\/www.arcanya.fr\/wp-content\/uploads\/2020\/07\/PubPresent11Fr-300x169.jpg 300w, https:\/\/www.arcanya.fr\/wp-content\/uploads\/2020\/07\/PubPresent11Fr-768x432.jpg 768w, https:\/\/www.arcanya.fr\/wp-content\/uploads\/2020\/07\/PubPresent11Fr-738x415.jpg 738w, https:\/\/www.arcanya.fr\/wp-content\/uploads\/2020\/07\/PubPresent11Fr-996x560.jpg 996w, https:\/\/www.arcanya.fr\/wp-content\/uploads\/2020\/07\/PubPresent11Fr-600x338.jpg 600w, https:\/\/www.arcanya.fr\/wp-content\/uploads\/2020\/07\/PubPresent11Fr-206x116.jpg 206w\" sizes=\"auto, (max-width: 960px) 100vw, 960px\" \/><\/figure><\/div>\n\n\n\n<p><strong>Arcanya<\/strong>, c&rsquo;est <strong>le 1er univers fantastique<\/strong> en France d\u00e9di\u00e9 \u00e0 la croissance spirituelle et au d\u00e9veloppement personnel.<br><br>&#8211; Les fondements de l&rsquo;univers sont d\u00e9crits dans <strong>le roman des Mornes Plaines<\/strong>, un r\u00e9cit \u00e9pique sur les Terres d&rsquo;Arcanya. Il pr\u00e9sente les personnages, les lieux et le contexte de l&rsquo;univers. Il retrace le parcours d&rsquo;un jeune magicien qui va tenter de r\u00e9aliser l&rsquo;impossible en repoussant les T\u00e9n\u00e8bres pour sauver son peuple d&rsquo;un d\u00e9clin in\u00e9vitable.<br>&#8211; L&rsquo;outil principal qui permettra \u00e0 ceux qui le souhaitent d&rsquo;avancer dans leur d\u00e9veloppement personnel est <strong>le jeu de tarot d&rsquo;Arcanya<\/strong>. On y retrouve les 78 arcanes traditionnels, dont les 22 personnages principaux du tarot divinatoire, qui permettront aux utilisateurs, gr\u00e2ce \u00e0 <strong>un livret d&rsquo;accompagnement d\u00e9taill\u00e9<\/strong>, de surmonter leurs blocages et d&rsquo;\u00e9largir leur horizon des possibles.<br>&#8211; Arcanya, c&rsquo;est aussi <strong>une bande originale sublime<\/strong>, comprenant plusieurs orchestrations symphoniques sp\u00e9cialement compos\u00e9es pour aider et accompagner les utilisateurs pendant leurs tirages de cartes, mais aussi pendant leurs moments de d\u00e9tente, de m\u00e9ditation et de lecture.<br>&#8211; Un jeu de 78 cartes dans un univers d&rsquo;h\u00e9ro\u00efc fantasy \u00e9tait une trop belle occasion pour ne pas l&rsquo;adapter au monde des jeux de soci\u00e9t\u00e9, et tout particuli\u00e8rement aux JDR (jeux de r\u00f4les). Ainsi, une \u00e9quipe de joueurs v\u00e9t\u00e9rans et exp\u00e9riment\u00e9s a travaill\u00e9 pour cr\u00e9er <strong>un jeu de plateau<\/strong> <strong>Arcanya <\/strong>jouable sans aucun mat\u00e9riel suppl\u00e9mentaire, et pour adapter le jeu afin de proposer aux Ma\u00eetres de jeux et aux joueurs de JDR d&rsquo;utiliser les cartes comme <strong>des g\u00e9n\u00e9rateurs al\u00e9atoires<\/strong> (g\u00e9n\u00e9rateurs de classes de personnages, d&rsquo;\u00e9quipements, de lieux, de rencontres et d\u2019\u00e9v\u00e9nements al\u00e9atoires).<br><br> <a href=\"https:\/\/www.arcanya.fr\/?page_id=4209\">L&rsquo;\u00e9quipe<\/a> :<br>&#8211; S\u00e9bastien Weiss, cr\u00e9ation de l&rsquo;univers, des concepts et des m\u00e9caniques du jeu.<br>&#8211; Anna Kand, illustratrice professionnelle internationale<br>&#8211; Lisa van Hal, compositrice professionnelle<br>&#8211; Nicolas Pfister, photographe professionnel \/ r\u00e9alisateur<br>&#8211; Luciol Cosplay, actrice principale, cosplayeuse professionnelle internationale et jury de concours<br>&#8211; Cedric Jacob et Benjamin Weiss : assistance et \u00e9quipe Test<br><br>&#8211;&nbsp;<strong>Pour vos questions concernant le jeu<\/strong>, les tirages ou leur interpr\u00e9tation&nbsp;:&nbsp;<a href=\"https:\/\/www.arcanya.fr\/?page_id=10\">Arcanya &#8211; Vos questions<\/a><br>&#8211;&nbsp;<strong>Pour retrouver toutes les informations<\/strong>&nbsp;:&nbsp;<a href=\"https:\/\/www.arcanya.fr\/\">Arcanya &#8211; Toutes les infos<\/a><br>&#8211;&nbsp;<strong>Pour rejoindre la communaut\u00e9<\/strong>&nbsp;:&nbsp;<a href=\"https:\/\/www.facebook.com\/groups\/thefantasyfactory\/\">Arcanya &#8211; La Communaut\u00e9<\/a><br>&#8211;&nbsp;<strong>Pour nous contacter<\/strong>&nbsp;:&nbsp;<a href=\"https:\/\/www.arcanya.fr\/?page_id=10\">Arcanya &#8211; Contact<\/a><br>&#8211;&nbsp;<strong>Pour acheter le jeu<\/strong>&nbsp;:&nbsp;<a href=\"https:\/\/www.kickstarter.com\/projects\/sebastienweiss\/arcanya-les-mornes-plaines\">Arcanya &#8211; Acqu\u00e9rir le jeu<\/a>&nbsp;<em>(\u00e0 partir du 04\/08\/2020)<\/em><br>&#8211;&nbsp;<strong>Pour recevoir gratuitement une carte exclusive<\/strong>&nbsp;en \u00e9dition limit\u00e9e&nbsp;:&nbsp;<a href=\"https:\/\/www.arcanya.fr\/?page_id=4154\">Arcanya &#8211; Carte exclusive offerte<\/a><\/p>\n<br>\n<figure class=\"wp-block-video aligncenter\"><video controls=\"\" poster=\"https:\/\/www.arcanya.fr\/wp-content\/uploads\/2020\/07\/ending2-1.jpg\" src=\"https:\/\/www.arcanya.fr\/wp-content\/uploads\/2020\/07\/trailer.mp4\"><\/video><\/figure>\nEt voici l&rsquo;orchestration symphonique sp\u00e9cialement compos\u00e9e par Lisa Von Hal.<br><br>\n\n\n\n<figure class=\"wp-block-video aligncenter\"><video height=\"720\" style=\"aspect-ratio: 1280 \/ 720;\" width=\"1280\" controls poster=\"https:\/\/www.arcanya.fr\/wp-content\/uploads\/2020\/07\/KS4.jpg\" src=\"https:\/\/www.arcanya.fr\/wp-content\/uploads\/2020\/07\/trailerMusic.mp4\"><\/video><\/figure>\n\n\n\n<h2 class=\"has-text-align-center wp-block-heading\">[ <strong>VERSION D\u00c9TAILL\u00c9E]<\/strong><\/h2>\n\n\n\n<div class=\"wp-block-image\"><figure class=\"aligncenter size-full is-resized\"><img loading=\"lazy\" decoding=\"async\" src=\"https:\/\/www.arcanya.fr\/wp-content\/uploads\/2020\/06\/bandeau1.jpg\" alt=\"\" class=\"wp-image-4272\" width=\"1125\" height=\"225\" srcset=\"https:\/\/www.arcanya.fr\/wp-content\/uploads\/2020\/06\/bandeau1.jpg 1500w, https:\/\/www.arcanya.fr\/wp-content\/uploads\/2020\/06\/bandeau1-300x60.jpg 300w, https:\/\/www.arcanya.fr\/wp-content\/uploads\/2020\/06\/bandeau1-768x154.jpg 768w, https:\/\/www.arcanya.fr\/wp-content\/uploads\/2020\/06\/bandeau1-738x148.jpg 738w, https:\/\/www.arcanya.fr\/wp-content\/uploads\/2020\/06\/bandeau1-1458x292.jpg 1458w, https:\/\/www.arcanya.fr\/wp-content\/uploads\/2020\/06\/bandeau1-996x199.jpg 996w, https:\/\/www.arcanya.fr\/wp-content\/uploads\/2020\/06\/bandeau1-600x120.jpg 600w, https:\/\/www.arcanya.fr\/wp-content\/uploads\/2020\/06\/bandeau1-228x46.jpg 228w\" sizes=\"auto, (max-width: 1125px) 100vw, 1125px\" \/><\/figure><\/div>\n\n\n\n<table border=0>\n\n<tr width=\"750\">\n<td colspan=3>\n<strong>\u00ab\u00a0Un univers unique \u00e0 port\u00e9e de tous, sp\u00e9cialement con\u00e7u pour mener une v\u00e9ritable r\u00e9flexion sur soi\u00a0\u00bb<\/strong> <i>S\u00e9bastien Weiss<\/i><br><br>\n\nJe suis <i>S\u00e9bastien Weiss<\/i>, Directeur d\u2019un \u00e9tablissement publique d\u2019enseignement depuis pr\u00e8s de 15 ans, tarologue et cartomancien depuis 2016.<br>\nJ\u2019ai fait de nombreux tirages, en face-\u00e0-face comme sur Internet, avant d\u2019aspirer \u00e0 la cr\u00e9ation d\u2019un jeu de tarot bien plus ambitieux que tous ceux que j\u2019avais pu appr\u00e9hender jusqu\u2019ici : un tarot qui pourrait venir en aide \u00e0 un tr\u00e8s large public et devenir un outil de d\u00e9veloppement personnel passionnant, ludique et agr\u00e9able, utilisable par les d\u00e9butants comme par les initi\u00e9s.<br>\n<\/td>\n\n<\/tr>\n<tr width=\"750\">\n<td colspan=2 valign=\"top\">\nC\u2019est avec un immense plaisir que je vous pr\u00e9sente <strong>l\u2019univers d\u2019Arcanya<\/strong>, <strong>1er univers complet<\/strong> en France sp\u00e9cifiquement con\u00e7u pour apprendre \u00e0 mieux se conna\u00eetre et \u00e0 porter un regard neutre et bienveillant sur soi.<br><br>\n\nMis au point par une \u00e9quipe de professionnels experts et compl\u00e9mentaires, son objectif est de vous permettre de <strong>prendre conscience de vos blocages internes<\/strong>, bien ancr\u00e9s dans votre inconscient, et de <strong>parvenir \u00e0 les d\u00e9passer<\/strong>. Gr\u00e2ce \u00e0 cette d\u00e9marche, il est possible de surmonter les \u00e9preuves du quotidien et d\u2019atteindre <strong>un \u00e9tat d\u2019apaisement et de s\u00e9r\u00e9nit\u00e9<\/strong> sup\u00e9rieur \u00e0 celui o\u00f9 vous vous trouvez actuellement.<br><br>\n\nUn jeu de tarot de qualit\u00e9 peut devenir un v\u00e9ritable guide spirituel, un compagnon avec lequel vous tisserez un lien unique. Plus vous l&rsquo;utiliserez, plus vous le conna\u00eetrez et plus il vous conna\u00eetra. Il deviendra un objet intime et personnel que personne d&rsquo;autre que vous ne pourra comprendre et ma\u00eetriser.<br>\nN&rsquo;ayez aucune inqui\u00e9tude : un livret d&rsquo;accompagnement d\u00e9taill\u00e9 est l\u00e0 pour vous guider et vous expliquer le fonctionnement des tirages et de chacune des cartes du jeu.\n<\/td>\n<td width=\"400\"> <img loading=\"lazy\" decoding=\"async\" src=\"https:\/\/www.arcanya.fr\/wp-content\/uploads\/2020\/06\/bandeau11.jpg\" alt=\"\" width=\"380\" height=\"380\"\/><\/td>\n<\/tr>\n\n<tr width=\"750\">\n<td colspan=3 valign=\"top\">\n<strong>Pourquoi Arcanya\u00a0?<\/strong><br><br>\n\nParce que la tarot est un art spirituel passionnant qui m\u00e9rite d\u2019\u00eatre davantage connu et partag\u00e9, Arcanya tente, par le biais de <strong>la Fantasy<\/strong> et de <strong>l\u2019immersion<\/strong>, d\u2019ouvrir les portes de la tarologie au plus grand nombre, des jeunes novices aux pratiquants plus exp\u00e9riment\u00e9s.<br><br>\n\nLa majorit\u00e9 des jeux de tarots fid\u00e8les aux principes fondateurs de l\u2019art divinatoire respecte les codes visuels du tarot de Marseille, c\u2019est \u00e0 dire qu\u2019ils reprennent une iconographie m\u00e9di\u00e9vale du 18\u00e8me si\u00e8cle, plut\u00f4t froide, terne et aust\u00e8re. M\u00eame si les versions du Rider Waite Smith ont l\u00e9g\u00e8rement \u00e9gay\u00e9 les lames d\u2019origine, il est tr\u00e8s probable qu\u2019un(e) d\u00e9butant(e) arrivant au contact d\u2019un tel jeu s\u2019en d\u00e9tourne rapidement. Et quel dommage\u00a0!\n<\/td>\n<\/tr>\n\n<tr width=\"750\">\n<td colspan=3><img decoding=\"async\" src=\"https:\/\/www.arcanya.fr\/wp-content\/uploads\/2020\/06\/bandeau2-1458x486.jpg\"><br>\n<i>Un exemple comparatif d&rsquo;une carte, \u00ab\u00a0le Bateleur\u00a0\u00bb, dans le tarot de Marseille, le Rider Waite et le tarot d&rsquo;Arcanya. Toute la symbolique d&rsquo;origine a \u00e9t\u00e9 soigneusement reprise et revisit\u00e9e, dans un style moderne et puissant.<\/i>\n<\/td>\n<\/tr>\n\n<tr width=\"750\">\n<td colspan=3>\n<strong>Un Univers vivant<\/strong><br><br>\n\nPour relever ce d\u00e9fi, Arcanya fait plus que simplement revisiter les illustrations d\u2019\u00e9poque, il donne VIE aux arcanes. Litt\u00e9ralement.\n\nQuelle meilleure fa\u00e7on d\u2019incarner un Empereur que de le mettre \u00e0 la t\u00eate d\u2019un v\u00e9ritable Empire\u00a0? De le d\u00e9crire non pas par <strong>ses simples caract\u00e9ristiques arch\u00e9typales<\/strong>, mais par un emploi du temps complet, de lourdes responsabilit\u00e9s, un pass\u00e9 charg\u00e9 de souvenirs, le ton de sa voix\u2026 tout cela dans le respect, bien s\u00fbr, de ses grandes qualit\u00e9s et d\u00e9fauts inh\u00e9rents \u00e0 sa fonction dans le tarot divinatoire.\n<\/td>\n<\/tr>\n\n<tr width=\"750\">\n<td width=\"400\">\n<img loading=\"lazy\" decoding=\"async\" src=\"https:\/\/www.arcanya.fr\/wp-content\/uploads\/2020\/06\/bandeau22.jpg\" alt=\"\" width=\"380\" height=\"380\"\/>\n<\/td>\n<td colspan=2>\nBien s\u00fbr, cela demande d\u2019ajouter \u00e0 la symbolique du tarot et \u00e0 ses innombrables r\u00e9f\u00e9rences <strong>une toile narrative<\/strong> passionnante et intrigante. Celle-ci vous est pr\u00e9sent\u00e9e dans <strong>le roman d\u2019Arcanya<\/strong>, qui emm\u00e8nera les pratiquants dans une aventure dont ils ne sortiront pas indemnes.\nLire le roman n\u2019est pas obligatoire pour utiliser les cartes, mais il expose l\u2019histoire et les fondements de l\u2019univers d\u2019Arcanya. Tous les personnages y sont pr\u00e9sent\u00e9s, ainsi que la trame narrative et ses enjeux.<br><br>\n\nCe fut mon travail et celui de mon \u00e9quipe durant les 2 derni\u00e8res ann\u00e9es. Ainsi, en donnant vie de la m\u00eame mani\u00e8re \u00e0 chacun des personnages du royaume d\u2019Arcanya, \u00e0 ses Cit\u00e9s, ses habitants, ses fronti\u00e8res et \u00e0 tous les autres arcanes du tarot, on obtient un monde VIVANT, qui une fois entre vos mains demeurera en perp\u00e9tuel mouvement et en interactions constantes avec votre propre v\u00e9cu.<br><br>\n\nParce que vos tirages sont intimes et personnels, tout comme vos ressentis et votre pratique du tarot,\u00a0chaque jour, le royaume d\u2019Arcanya pourra vivre et \u00e9voluer \u00e0 travers vous d\u2019une fa\u00e7on unique, en vous livrant ses messages personnalis\u00e9s.\n<\/td>\n<\/tr>\n\n<tr width=\"750\">\n<td colspan=3>\n<strong>Une m\u00e9taphore de l\u2019\u00e9preuve<\/strong><br><br>\n\nL\u2019univers d\u2019Arcanya est un monde o\u00f9 les T\u00e9n\u00e8bres grandissent chaque jour et o\u00f9 rien ne semble pouvoir les arr\u00eater. Dans le roman, les personnages sont entour\u00e9s d\u2019une population abattue et d\u00e9courag\u00e9e, isol\u00e9e et sans espoir. Le Soleil lui-m\u00eame est en train de s\u2019\u00e9teindre. La fin du monde est proche alors qu\u2019aucun ennemi ne le menace r\u00e9ellement. C\u2019est cette ambiance m\u00e9lancolique qui a donn\u00e9 son nom au jeu\u00a0: <strong>les Mornes Plaines<\/strong>.<br><br>\n\nPourtant le Magicien, guid\u00e9 et accompagn\u00e9 de ses alli\u00e9s, va parcourir les terres d\u2019Arcanya \u00e0 la recherche de la source du Mal et mobiliser toutes ses ressources pour tenter de l\u2019\u00e9radiquer.<br><br>\n\nC\u2019est par analogie avec des \u00e9preuves insurmontables et des situations d\u00e9sesp\u00e9r\u00e9es sans aucune issue que le tarot d\u2019Arcanya vous permettra de <strong>d\u00e9construire vos croyances<\/strong> et vos pr\u00e9jug\u00e9s, d\u2019<strong>\u00e9largir l\u2019horizon des possibles<\/strong> et de trouver en vous les ressources insoup\u00e7onn\u00e9es qui vous permettront de voir les choses diff\u00e9remment, telles qu\u2019elles sont r\u00e9ellement, d\u2019avancer et de <strong>surmonter les obstacles<\/strong> que la vie a plac\u00e9s sur votre chemin.<br><br>\n\n<img decoding=\"async\" src=\"https:\/\/www.arcanya.fr\/wp-content\/uploads\/2020\/06\/bandeau3-1458x972.jpg\"><br>\n<i>\u00c0 gauche, le Soleil \u00e0 bout de force, dans une situation sans espoir. Et parce que l&rsquo;on peut toujours sortir grandi et plus fort d&rsquo;une \u00e9preuve difficile, \u00e0 droite, le Soleil quelques temps apr\u00e8s, plus \u00e9blouissant et plus puissant qu&rsquo;il ne l&rsquo;a jamais \u00e9t\u00e9.<\/i>\n<\/td>\n<\/tr>\n\n<tr width=\"750\">\n<td colspan=3>\n<strong>Un univers intense, riche et vari\u00e9<\/strong><br><br>\n\nAfin d\u2019augmenter encore <strong>l\u2019intensit\u00e9 de vos \u00e9motions<\/strong> et de votre ressenti lors des tirages, mais aussi, pourquoi pas, pour agr\u00e9menter vos lectures et <strong>vos moments de d\u00e9tente ou de m\u00e9ditation<\/strong>, j\u2019ai travaill\u00e9 avec <strong>un compositeur de renomm\u00e9e internationale<\/strong> sur la r\u00e9alisation d\u2019une ambiance musicale sp\u00e9cifiquement \u00e9crite et compos\u00e9e pour cet univers.\nAinsi est n\u00e9e <strong>la bande originale d\u2019Arcanya<\/strong>.<br><br>\n\nL\u2019immersion \u00e9tant l\u2019une des cl\u00e9s de ce projet, cet <strong>univers sonore<\/strong> vous plongera plus profond\u00e9ment encore aux c\u00f4t\u00e9s de ces personnages qui nous passionnent tant. Chacune des diff\u00e9rentes pistes, en plus d\u2019\u00eatre sublimes et envo\u00fbtantes, ont \u00e9t\u00e9 compos\u00e9es pour <strong>favoriser sa concentration<\/strong> et <strong>maximiser son estime de soi<\/strong>\u00a0!<br><br>\n\nPour votre plus grand plaisir, retrouvez \u00e9galement les 78 arcanes lors de moments plus r\u00e9cr\u00e9atifs dans <strong>un jeu de plateau<\/strong>, lui aussi con\u00e7u pour prolonger l\u2019exp\u00e9rience d\u2019Arcanya.\nLe jeu est jouable simplement avec le contenu de la bo\u00eete, sans aucun autre mat\u00e9riel suppl\u00e9mentaire.<br><br>\n\n<i>Le but du jeu<\/i>\u00a0: sauver Arcanya des T\u00e9n\u00e8bres qui tentent de l\u2019envahir de toutes parts\u00a0! En pla\u00e7ant judicieusement les quelques braves \u00e2mes qui restent pour la d\u00e9fendre, r\u00e9sistez le plus longtemps possible aux assauts incessants du Diable\u00a0sur le Palais Imp\u00e9rial\u00a0! Avec un peu de chance, quelques h\u00e9ros l\u00e9gendaires comme Force, Justice ou le Soleil lui-m\u00eame vous viendront en aide.\nCollaborez avec les autres joueurs pour esp\u00e9rer vaincre le Diable, mais attention au pire : il se cache peut-\u00eatre parmi eux\u00a0!\n<\/td>\n<\/tr>\n\n<tr width=\"750\">\n<td valign=\"top\" colspan=3>\n<strong>Un jeu de qualit\u00e9<\/strong><br><br>\nLe tarot d\u2019Arcanya est d\u2019une qualit\u00e9 nettement sup\u00e9rieure \u00e0 la plupart des autres jeux de tarot\u00a0:<br><br>\n\n&#8211; un cartonnage luxueux (400 gr), un laminage doux et soyeux, des tranches noires, un dos de carte en relief avec dorures, un livret d\u2019accompagnement de 134 pages illustr\u00e9es et en couleurs, le tout plac\u00e9 dans un coffret collector \u00e0 fermeture aimant\u00e9e.<br>\nChaque bo\u00eete du tarot d\u2019Arcanya comprend <strong>un certificat d\u2019authenticit\u00e9<strong> sign\u00e9 et num\u00e9rot\u00e9.<br><br>\n\n<center><img decoding=\"async\" src=\"https:\/\/www.arcanya.fr\/wp-content\/uploads\/2020\/06\/bandeau4.jpg\" width=\"800\"><\/center>\n<\/td>\n<\/tr>\n\n<tr width=\"750\">\n<td colspan=3>\n<strong>Le mot de la fin<\/strong><br><br>\n\nJ\u2019ai lanc\u00e9 ce projet en 2019, et en seulement quelques mois, plusieurs centaines de personnes l\u2019avaient rejoint et ont adh\u00e9r\u00e9 \u00e0 ce nouveau concept immersif et totalement passionnant.\nN\u2019h\u00e9sitez plus, <strong>rejoignez l\u2019aventure d\u2019Arcanya<\/strong>\u00a0!<br><br>\n\n<strong>Le tarot d\u2019Arcanya<\/strong>, sa <strong>bande originale<\/strong> et <strong>le roman des Mornes Plaines<\/strong> seront disponibles<br><br>\n\n<center><strong>le MARDI 04 Ao\u00fbt 2020<\/strong><\/center><br>\n\n&#8211; <strong>Pour vos questions concernant le jeu<\/strong>, les tirages ou leur interpr\u00e9tation\u00a0: <a href=\"https:\/\/www.arcanya.fr\/?page_id=10\">Arcanya &#8211; Vos questions<\/a><br>\n&#8211; <strong>Pour retrouver toutes les informations<\/strong>\u00a0: <a href=\"https:\/\/www.arcanya.fr\/\">Arcanya &#8211; Toutes les infos<\/a><br>\n&#8211; <strong>Pour rejoindre la communaut\u00e9<\/strong>\u00a0: <a href=\"https:\/\/www.facebook.com\/groups\/thefantasyfactory\/\">Arcanya &#8211; La Communaut\u00e9<\/a><br>\n&#8211; <strong>Pour nous contacter<\/strong>\u00a0: <a href=\"https:\/\/www.arcanya.fr\/?page_id=10\">Arcanya &#8211; Contact<\/a><br>\n&#8211; <strong>Pour acheter le jeu<\/strong>\u00a0: <a href=\"https:\/\/www.kickstarter.com\/projects\/sebastienweiss\/arcanya-les-mornes-plaines\"> Arcanya &#8211; Acqu\u00e9rir le jeu<\/a> <i>(\u00e0 partir du 03\/08\/2020)<\/i><br>\n&#8211; <strong>Pour recevoir gratuitement une carte exclusive<\/strong> en \u00e9dition limit\u00e9e\u00a0: <a href=\"https:\/\/www.arcanya.fr\/?page_id=4154\">Arcanya &#8211; Carte exclusive offerte<\/a><br>\n<\/td>\n<\/tr>\n\n<\/table>\n\n\n\n<center><h1>Quelques lames&#8230;<\/h1><\/center>\n\n\n\n<div class=\"wp-block-image\"><figure class=\"aligncenter size-large is-resized\"><img loading=\"lazy\" decoding=\"async\" src=\"https:\/\/www.arcanya.fr\/wp-content\/uploads\/2020\/06\/Titre5.1.jpg\" alt=\"\" width=\"750\" height=\"2000\"\/><\/figure><\/div>\n\n\n\n<div class=\"wp-block-image\"><figure class=\"aligncenter size-large is-resized\"><img loading=\"lazy\" decoding=\"async\" src=\"https:\/\/www.arcanya.fr\/wp-content\/uploads\/2020\/06\/Titre5.2.jpg\" alt=\"\" width=\"750\" height=\"2000\"\/><\/figure><\/div>\n\n\n\n<p>Un petit aper\u00e7u de la fabrication du <strong>Grand Livre de la Connaissance<\/strong> de la <strong>Grande Pr\u00eatresse<\/strong>, un authentique grimoire fabriqu\u00e9 en 10 exemplaires et propos\u00e9 avec le tarot d&rsquo;Arcanya.<\/p>\n\n\n\n<figure class=\"wp-block-video aligncenter\"><video controls src=\"https:\/\/www.arcanya.fr\/wp-content\/uploads\/2020\/06\/grimoire_KS.mp4\"><\/video><\/figure>\n\n\n\n<center><h1>Retrouvez d&rsquo;autres contenus et illustrations sur <a href=\"https:\/\/www.arcanya.fr\/\">Arcanya.fr<\/a><\/h1><\/center>\n\n\n\n<p><\/p>\n","protected":false},"excerpt":{"rendered":"<p>Arcanya, le Tarot des Mornes Plaines [ VERSION COURTE ] Arcanya, c&rsquo;est le 1er univers fantastique en France d\u00e9di\u00e9 \u00e0 la croissance spirituelle et au d\u00e9veloppement personnel. &#8211; Les fondements de l&rsquo;univers sont d\u00e9crits dans le roman des Mornes Plaines, un r\u00e9cit \u00e9pique sur les Terres d&rsquo;Arcanya. Il pr\u00e9sente les personnages, les lieux et le&hellip; <br \/> <a class=\"button small blue\" href=\"https:\/\/www.arcanya.fr\/en\/dossier-de-presse\/\">Read more<\/a><\/p>\n","protected":false},"author":1,"featured_media":0,"parent":0,"menu_order":0,"comment_status":"closed","ping_status":"closed","template":"templates\/fullwidth.php","meta":{"footnotes":""},"class_list":["post-4522","page","type-page","status-publish","hentry"],"jetpack_sharing_enabled":true,"_links":{"self":[{"href":"https:\/\/www.arcanya.fr\/en\/wp-json\/wp\/v2\/pages\/4522","targetHints":{"allow":["GET"]}}],"collection":[{"href":"https:\/\/www.arcanya.fr\/en\/wp-json\/wp\/v2\/pages"}],"about":[{"href":"https:\/\/www.arcanya.fr\/en\/wp-json\/wp\/v2\/types\/page"}],"author":[{"embeddable":true,"href":"https:\/\/www.arcanya.fr\/en\/wp-json\/wp\/v2\/users\/1"}],"replies":[{"embeddable":true,"href":"https:\/\/www.arcanya.fr\/en\/wp-json\/wp\/v2\/comments?post=4522"}],"version-history":[{"count":9,"href":"https:\/\/www.arcanya.fr\/en\/wp-json\/wp\/v2\/pages\/4522\/revisions"}],"predecessor-version":[{"id":4860,"href":"https:\/\/www.arcanya.fr\/en\/wp-json\/wp\/v2\/pages\/4522\/revisions\/4860"}],"wp:attachment":[{"href":"https:\/\/www.arcanya.fr\/en\/wp-json\/wp\/v2\/media?parent=4522"}],"curies":[{"name":"wp","href":"https:\/\/api.w.org\/{rel}","templated":true}]}}