{"id":5050,"date":"2020-11-28T23:07:26","date_gmt":"2020-11-28T22:07:26","guid":{"rendered":"https:\/\/www.arcanya.fr\/?page_id=5050"},"modified":"2021-07-01T00:52:32","modified_gmt":"2021-06-30T22:52:32","slug":"la-bande-originale","status":"publish","type":"page","link":"https:\/\/www.arcanya.fr\/en\/la-bande-originale\/","title":{"rendered":"The Original Soundtrack"},"content":{"rendered":"<figure class=\"wp-block-image size-large\"><img loading=\"lazy\" decoding=\"async\" width=\"1500\" height=\"1316\" src=\"https:\/\/www.arcanya.fr\/wp-content\/uploads\/2020\/09\/Titre31en.jpg\" alt=\"\" class=\"wp-image-4949\" srcset=\"https:\/\/www.arcanya.fr\/wp-content\/uploads\/2020\/09\/Titre31en.jpg 1500w, https:\/\/www.arcanya.fr\/wp-content\/uploads\/2020\/09\/Titre31en-300x263.jpg 300w, https:\/\/www.arcanya.fr\/wp-content\/uploads\/2020\/09\/Titre31en-768x674.jpg 768w, https:\/\/www.arcanya.fr\/wp-content\/uploads\/2020\/09\/Titre31en-738x647.jpg 738w, https:\/\/www.arcanya.fr\/wp-content\/uploads\/2020\/09\/Titre31en-1458x1279.jpg 1458w, https:\/\/www.arcanya.fr\/wp-content\/uploads\/2020\/09\/Titre31en-996x874.jpg 996w, https:\/\/www.arcanya.fr\/wp-content\/uploads\/2020\/09\/Titre31en-600x526.jpg 600w, https:\/\/www.arcanya.fr\/wp-content\/uploads\/2020\/09\/Titre31en-132x116.jpg 132w\" sizes=\"auto, (max-width: 1500px) 100vw, 1500px\" \/><\/figure>\n\n\n\n<figure class=\"wp-block-image size-large\"><img loading=\"lazy\" decoding=\"async\" width=\"1492\" height=\"1500\" src=\"https:\/\/www.arcanya.fr\/wp-content\/uploads\/2020\/08\/LisaEN.jpg\" alt=\"\" class=\"wp-image-4847\" srcset=\"https:\/\/www.arcanya.fr\/wp-content\/uploads\/2020\/08\/LisaEN.jpg 1920w, https:\/\/www.arcanya.fr\/wp-content\/uploads\/2020\/08\/LisaEN-298x300.jpg 298w, https:\/\/www.arcanya.fr\/wp-content\/uploads\/2020\/08\/LisaEN-1492x1500.jpg 1492w, https:\/\/www.arcanya.fr\/wp-content\/uploads\/2020\/08\/LisaEN-150x150.jpg 150w, https:\/\/www.arcanya.fr\/wp-content\/uploads\/2020\/08\/LisaEN-768x772.jpg 768w, https:\/\/www.arcanya.fr\/wp-content\/uploads\/2020\/08\/LisaEN-1528x1536.jpg 1528w, https:\/\/www.arcanya.fr\/wp-content\/uploads\/2020\/08\/LisaEN-738x742.jpg 738w, https:\/\/www.arcanya.fr\/wp-content\/uploads\/2020\/08\/LisaEN-1458x1466.jpg 1458w, https:\/\/www.arcanya.fr\/wp-content\/uploads\/2020\/08\/LisaEN-996x1001.jpg 996w, https:\/\/www.arcanya.fr\/wp-content\/uploads\/2020\/08\/LisaEN-600x603.jpg 600w, https:\/\/www.arcanya.fr\/wp-content\/uploads\/2020\/08\/LisaEN-100x100.jpg 100w, https:\/\/www.arcanya.fr\/wp-content\/uploads\/2020\/08\/LisaEN-115x116.jpg 115w\" sizes=\"auto, (max-width: 1492px) 100vw, 1492px\" \/><\/figure>\n\n\n\n<p class=\"translation-block\"><strong>Julie Elven<\/strong> lends her voice to the two main themes of the universe (opening and ending theme).<\/p>\n\n\n\n<figure class=\"wp-block-image size-large\"><img loading=\"lazy\" decoding=\"async\" width=\"984\" height=\"1500\" src=\"https:\/\/www.arcanya.fr\/wp-content\/uploads\/2020\/07\/JulieEN-scaled.jpg\" alt=\"\" class=\"wp-image-4764\" srcset=\"https:\/\/www.arcanya.fr\/wp-content\/uploads\/2020\/07\/JulieEN-scaled.jpg 1679w, https:\/\/www.arcanya.fr\/wp-content\/uploads\/2020\/07\/JulieEN-197x300.jpg 197w, https:\/\/www.arcanya.fr\/wp-content\/uploads\/2020\/07\/JulieEN-984x1500.jpg 984w, https:\/\/www.arcanya.fr\/wp-content\/uploads\/2020\/07\/JulieEN-768x1171.jpg 768w, https:\/\/www.arcanya.fr\/wp-content\/uploads\/2020\/07\/JulieEN-1008x1536.jpg 1008w, https:\/\/www.arcanya.fr\/wp-content\/uploads\/2020\/07\/JulieEN-1343x2048.jpg 1343w, https:\/\/www.arcanya.fr\/wp-content\/uploads\/2020\/07\/JulieEN-738x1125.jpg 738w, https:\/\/www.arcanya.fr\/wp-content\/uploads\/2020\/07\/JulieEN-1458x2223.jpg 1458w, https:\/\/www.arcanya.fr\/wp-content\/uploads\/2020\/07\/JulieEN-996x1518.jpg 996w, https:\/\/www.arcanya.fr\/wp-content\/uploads\/2020\/07\/JulieEN-600x915.jpg 600w, https:\/\/www.arcanya.fr\/wp-content\/uploads\/2020\/07\/JulieEN-76x116.jpg 76w\" sizes=\"auto, (max-width: 984px) 100vw, 984px\" \/><\/figure>\n\n\n\n<p>And finally, an excerpt from the main theme of the soundtrack :<\/p>\n\n\n\n<figure class=\"wp-block-video\"><video height=\"720\" style=\"aspect-ratio: 1280 \/ 720;\" width=\"1280\" controls poster=\"https:\/\/www.arcanya.fr\/wp-content\/uploads\/2021\/07\/previewOST.png\" src=\"https:\/\/www.arcanya.fr\/wp-content\/uploads\/2021\/07\/Sans-titre.mp4\"><\/video><\/figure>","protected":false},"excerpt":{"rendered":"<p>Julie Elven pr\u00eate sa voix aux deux th\u00e8mes principaux de l&rsquo;univers (opening et ending theme). Et pour terminer, un extrait du th\u00e8me principal de la bande originale :<\/p>","protected":false},"author":1,"featured_media":0,"parent":0,"menu_order":0,"comment_status":"closed","ping_status":"closed","template":"","meta":{"footnotes":""},"class_list":["post-5050","page","type-page","status-publish","hentry"],"jetpack_sharing_enabled":true,"_links":{"self":[{"href":"https:\/\/www.arcanya.fr\/en\/wp-json\/wp\/v2\/pages\/5050","targetHints":{"allow":["GET"]}}],"collection":[{"href":"https:\/\/www.arcanya.fr\/en\/wp-json\/wp\/v2\/pages"}],"about":[{"href":"https:\/\/www.arcanya.fr\/en\/wp-json\/wp\/v2\/types\/page"}],"author":[{"embeddable":true,"href":"https:\/\/www.arcanya.fr\/en\/wp-json\/wp\/v2\/users\/1"}],"replies":[{"embeddable":true,"href":"https:\/\/www.arcanya.fr\/en\/wp-json\/wp\/v2\/comments?post=5050"}],"version-history":[{"count":9,"href":"https:\/\/www.arcanya.fr\/en\/wp-json\/wp\/v2\/pages\/5050\/revisions"}],"predecessor-version":[{"id":6504,"href":"https:\/\/www.arcanya.fr\/en\/wp-json\/wp\/v2\/pages\/5050\/revisions\/6504"}],"wp:attachment":[{"href":"https:\/\/www.arcanya.fr\/en\/wp-json\/wp\/v2\/media?parent=5050"}],"curies":[{"name":"wp","href":"https:\/\/api.w.org\/{rel}","templated":true}]}}