{"id":51,"date":"2019-12-24T17:30:40","date_gmt":"2019-12-24T16:30:40","guid":{"rendered":"https:\/\/www.arcanya.fr\/?page_id=51"},"modified":"2020-03-28T15:58:41","modified_gmt":"2020-03-28T14:58:41","slug":"qui-suis-je","status":"publish","type":"page","link":"https:\/\/www.arcanya.fr\/en\/qui-suis-je\/","title":{"rendered":"Qui suis-je ?"},"content":{"rendered":"<p>Pour faire bref et concis : je suis un <strong>grand r\u00eaveur<\/strong>, un <strong>cr\u00e9ateur <\/strong>et un <strong>constructeur de mondes<\/strong>. J&rsquo;ai la chance &#8211; ou la mal\u00e9diction &#8211; d&rsquo;\u00eatre n\u00e9 avec une \u00e9norme machine grin\u00e7ante et vrombissante \u00e0 la place du cerveau, et elle turbine \u00e0 plein r\u00e9gime depuis maintenant presque quarante ann\u00e9es.<br>Chaque jour, elle accouche de son lot de bonnes et moins bonnes id\u00e9es, de nouvelles lubies et d&rsquo;envies plus ou moins exotiques ^^ <\/p>\n\n\n\n<p> La plupart du temps, mes histoires, mes personnages, mes aventures, mes jeux, mes illustrations et mes univers restaient couch\u00e9s sur du papier. Mais depuis peu, certains de ces projets sont en train de prendre vie, et c&rsquo;est \u00e0 travers Internet (site web, youtube, etc&#8230;) que je prends beaucoup de plaisir \u00e0 partager ces cr\u00e9ations avec d&rsquo;autres passionn\u00e9s.<br>Fin 2019 est n\u00e9 le projet du monde <strong>d&rsquo;Arcanya<\/strong>, l&rsquo;un des projets les plus vastes auquel je me suis jamais attaqu\u00e9. Vous en saurez plus sur ce sujet en vous baladant sur ce site \ud83d\ude42<\/p>\n\n\n\n<p>Merci d&rsquo;\u00eatre curieux,<br><br>Et bonne visite !<\/p>\n\n\n\n<p>S\u00e9bastien W.<\/p>","protected":false},"excerpt":{"rendered":"<p>Pour faire bref et concis : je suis un grand r\u00eaveur, un cr\u00e9ateur et un constructeur de mondes. J&rsquo;ai la chance &#8211; ou la mal\u00e9diction &#8211; d&rsquo;\u00eatre n\u00e9 avec une \u00e9norme machine grin\u00e7ante et vrombissante \u00e0 la place du cerveau, et elle turbine \u00e0 plein r\u00e9gime depuis maintenant presque quarante ann\u00e9es.Chaque jour, elle accouche de&hellip; <br \/> <a class=\"button small blue\" href=\"https:\/\/www.arcanya.fr\/en\/qui-suis-je\/\">Read more<\/a><\/p>","protected":false},"author":1,"featured_media":0,"parent":0,"menu_order":0,"comment_status":"closed","ping_status":"closed","template":"","meta":{"footnotes":""},"class_list":["post-51","page","type-page","status-publish","hentry"],"jetpack_sharing_enabled":true,"_links":{"self":[{"href":"https:\/\/www.arcanya.fr\/en\/wp-json\/wp\/v2\/pages\/51","targetHints":{"allow":["GET"]}}],"collection":[{"href":"https:\/\/www.arcanya.fr\/en\/wp-json\/wp\/v2\/pages"}],"about":[{"href":"https:\/\/www.arcanya.fr\/en\/wp-json\/wp\/v2\/types\/page"}],"author":[{"embeddable":true,"href":"https:\/\/www.arcanya.fr\/en\/wp-json\/wp\/v2\/users\/1"}],"replies":[{"embeddable":true,"href":"https:\/\/www.arcanya.fr\/en\/wp-json\/wp\/v2\/comments?post=51"}],"version-history":[{"count":14,"href":"https:\/\/www.arcanya.fr\/en\/wp-json\/wp\/v2\/pages\/51\/revisions"}],"predecessor-version":[{"id":613,"href":"https:\/\/www.arcanya.fr\/en\/wp-json\/wp\/v2\/pages\/51\/revisions\/613"}],"wp:attachment":[{"href":"https:\/\/www.arcanya.fr\/en\/wp-json\/wp\/v2\/media?parent=51"}],"curies":[{"name":"wp","href":"https:\/\/api.w.org\/{rel}","templated":true}]}}